{"id":842,"date":"2026-03-12T19:47:31","date_gmt":"2026-03-12T18:47:31","guid":{"rendered":"https:\/\/www.veres3d.hu\/?post_type=product&#038;p=842"},"modified":"2026-03-12T20:39:18","modified_gmt":"2026-03-12T19:39:18","slug":"plexi-taposo","status":"publish","type":"product","link":"https:\/\/www.veres3d.hu\/en\/product\/plexi-taposo\/","title":{"rendered":"Plexi tapos\u00f3"},"content":{"rendered":"<ul>\n<li><span class=\"html-span xdj266r x14z9mp xat24cr x1lziwak xexx8yu xyri2b x18d9i69 x1c1uobl x1hl2dhg x16tdsg8 x1vvkbs x4k7w5x x1h91t0o x1h9r5lt x1jfb8zj xv2umb2 x1beo9mf xaigb6o x12ejxvf x3igimt xarpa2k xedcshv x1lytzrv x1t2pt76 x7ja8zs x1qrby5j\"><span class=\"x193iq5w xeuugli x13faqbe x1vvkbs x1xmvt09 x1lliihq x1s928wv xhkezso x1gmr53x x1cpjm7i x1fgarty x1943h6x xudqn12 x3x7a5m x6prxxf xvq8zen xo1l8bm xzsf02u\" dir=\"auto\">Saj\u00e1t \u00e1ramforr\u00e1sr\u00f3l \u00fczemel. <\/span><\/span><\/li>\n<li><span class=\"html-span xdj266r x14z9mp xat24cr x1lziwak xexx8yu xyri2b x18d9i69 x1c1uobl x1hl2dhg x16tdsg8 x1vvkbs x4k7w5x x1h91t0o x1h9r5lt x1jfb8zj xv2umb2 x1beo9mf xaigb6o x12ejxvf x3igimt xarpa2k xedcshv x1lytzrv x1t2pt76 x7ja8zs x1qrby5j\"><span class=\"x193iq5w xeuugli x13faqbe x1vvkbs x1xmvt09 x1lliihq x1s928wv xhkezso x1gmr53x x1cpjm7i x1fgarty x1943h6x xudqn12 x3x7a5m x6prxxf xvq8zen xo1l8bm xzsf02u\" dir=\"auto\">Nem kell a roller vezet\u00e9keit \u00e1tk\u00f6tni. <\/span><\/span><\/li>\n<li><span class=\"html-span xdj266r x14z9mp xat24cr x1lziwak xexx8yu xyri2b x18d9i69 x1c1uobl x1hl2dhg x16tdsg8 x1vvkbs x4k7w5x x1h91t0o x1h9r5lt x1jfb8zj xv2umb2 x1beo9mf xaigb6o x12ejxvf x3igimt xarpa2k xedcshv x1lytzrv x1t2pt76 x7ja8zs x1qrby5j\"><span class=\"x193iq5w xeuugli x13faqbe x1vvkbs x1xmvt09 x1lliihq x1s928wv xhkezso x1gmr53x x1cpjm7i x1fgarty x1943h6x xudqn12 x3x7a5m x6prxxf xvq8zen xo1l8bm xzsf02u\" dir=\"auto\">Alacsony fogyaszt\u00e1s\u00fa led vil\u00e1g\u00edt\u00e1s. <\/span><\/span><\/li>\n<li><span class=\"html-span xdj266r x14z9mp xat24cr x1lziwak xexx8yu xyri2b x18d9i69 x1c1uobl x1hl2dhg x16tdsg8 x1vvkbs x4k7w5x x1h91t0o x1h9r5lt x1jfb8zj xv2umb2 x1beo9mf xaigb6o x12ejxvf x3igimt xarpa2k xedcshv x1lytzrv x1t2pt76 x7ja8zs x1qrby5j\"><span class=\"x193iq5w xeuugli x13faqbe x1vvkbs x1xmvt09 x1lliihq x1s928wv xhkezso x1gmr53x x1cpjm7i x1fgarty x1943h6x xudqn12 x3x7a5m x6prxxf xvq8zen xo1l8bm xzsf02u\" dir=\"auto\">Cs\u00fasz\u00e1smentes fel\u00fclet. <\/span><\/span><\/li>\n<li><span class=\"html-span xdj266r x14z9mp xat24cr x1lziwak xexx8yu xyri2b x18d9i69 x1c1uobl x1hl2dhg x16tdsg8 x1vvkbs x4k7w5x x1h91t0o x1h9r5lt x1jfb8zj xv2umb2 x1beo9mf xaigb6o x12ejxvf x3igimt xarpa2k xedcshv x1lytzrv x1t2pt76 x7ja8zs x1qrby5j\"><span class=\"x193iq5w xeuugli x13faqbe x1vvkbs x1xmvt09 x1lliihq x1s928wv xhkezso x1gmr53x x1cpjm7i x1fgarty x1943h6x xudqn12 x3x7a5m x6prxxf xvq8zen xo1l8bm xzsf02u\" dir=\"auto\">B\u00e1rmilyen j\u00f3 min\u0151s\u00e9g\u0171 k\u00e9p r\u00e1nyomtathat\u00f3. <\/span><\/span><\/li>\n<li><span class=\"html-span xdj266r x14z9mp xat24cr x1lziwak xexx8yu xyri2b x18d9i69 x1c1uobl x1hl2dhg x16tdsg8 x1vvkbs x4k7w5x x1h91t0o x1h9r5lt x1jfb8zj xv2umb2 x1beo9mf xaigb6o x12ejxvf x3igimt xarpa2k xedcshv x1lytzrv x1t2pt76 x7ja8zs x1qrby5j\"><span class=\"x193iq5w xeuugli x13faqbe x1vvkbs x1xmvt09 x1lliihq x1s928wv xhkezso x1gmr53x x1cpjm7i x1fgarty x1943h6x xudqn12 x3x7a5m x6prxxf xvq8zen xo1l8bm xzsf02u\" dir=\"auto\">Applik\u00e1ci\u00f3val is vez\u00e9relhet\u0151 ledek. <\/span><\/span><\/li>\n<\/ul>\n<p><span class=\"html-span xdj266r x14z9mp xat24cr x1lziwak xexx8yu xyri2b x18d9i69 x1c1uobl x1hl2dhg x16tdsg8 x1vvkbs x4k7w5x x1h91t0o x1h9r5lt x1jfb8zj xv2umb2 x1beo9mf xaigb6o x12ejxvf x3igimt xarpa2k xedcshv x1lytzrv x1t2pt76 x7ja8zs x1qrby5j\"><span class=\"x193iq5w xeuugli x13faqbe x1vvkbs x1xmvt09 x1lliihq x1s928wv xhkezso x1gmr53x x1cpjm7i x1fgarty x1943h6x xudqn12 x3x7a5m x6prxxf xvq8zen xo1l8bm xzsf02u\" dir=\"auto\">Az \u00e1ramforr\u00e1snak \u00e9s a vezet\u00e9keknek csin\u00e1ltunk egy saj\u00e1t 3D nyomtatott kis tart\u00f3 dobozt. Ez egy plusz opci\u00f3. Nem musz\u00e1j felszerelni. <\/span><\/span><\/p>\n<p><span class=\"html-span xdj266r x14z9mp xat24cr x1lziwak xexx8yu xyri2b x18d9i69 x1c1uobl x1hl2dhg x16tdsg8 x1vvkbs x4k7w5x x1h91t0o x1h9r5lt x1jfb8zj xv2umb2 x1beo9mf xaigb6o x12ejxvf x3igimt xarpa2k xedcshv x1lytzrv x1t2pt76 x7ja8zs x1qrby5j\"><span class=\"x193iq5w xeuugli x13faqbe x1vvkbs x1xmvt09 x1lliihq x1s928wv xhkezso x1gmr53x x1cpjm7i x1fgarty x1943h6x xudqn12 x3x7a5m x6prxxf xvq8zen xo1l8bm xzsf02u\" dir=\"auto\">Saj\u00e1t \u00e1ramforr\u00e1s\u00e1r\u00f3l (ez \u00e9rkezik a term\u00e9kkel) vagy powerbankr\u00f3l is \u00fczemeltethet\u0151. Mindkett\u0151h\u00f6z van megfelel\u0151 m\u00e9ret\u0171 tart\u00f3 doboz. Felszerel\u00e9shez nem kell a gy\u00e1ri tapos\u00f3t megbontani, csak csavarokat ki \u00e9s becsavarni sz\u00fcks\u00e9ges. A hosszabb csavarok a term\u00e9khez csomagolva \u00e9rkeznek.<\/span><\/span><\/p>\n<p>Rendel\u00e9s lead\u00e1sa el\u0151tt mindenk\u00e9ppen \u00edrjon nek\u00fcnk. A nyomtatand\u00f3 k\u00e9p v\u00e1laszthat\u00f3 a saj\u00e1t palett\u00e1nkb\u00f3l vagy hozott j\u00f3 min\u0151s\u00e9g\u0171 k\u00e9p is lehet. Egyedi tervez\u00e9s is lehets\u00e9ges, ami fel\u00e1ras.<\/p>","protected":false},"excerpt":{"rendered":"<p>Saj\u00e1t \u00e1ramforr\u00e1sr\u00f3l \u00fczemel. Nem kell a roller vezet\u00e9keit \u00e1tk\u00f6tni. Alacsony fogyaszt\u00e1s\u00fa led vil\u00e1g\u00edt\u00e1s. Cs\u00fasz\u00e1smentes fel\u00fclet. B\u00e1rmilyen j\u00f3 min\u0151s\u00e9g\u0171 k\u00e9p r\u00e1nyomtathat\u00f3. Applik\u00e1ci\u00f3val is vez\u00e9relhet\u0151 ledek. Az \u00e1ramforr\u00e1snak \u00e9s a vezet\u00e9keknek csin\u00e1ltunk egy saj\u00e1t 3D nyomtatott kis tart\u00f3 dobozt. Ez egy plusz opci\u00f3. Nem musz\u00e1j felszerelni. Saj\u00e1t \u00e1ramforr\u00e1s\u00e1r\u00f3l (ez \u00e9rkezik a term\u00e9kkel) vagy powerbankr\u00f3l is \u00fczemeltethet\u0151. Mindkett\u0151h\u00f6z [&hellip;]<\/p>","protected":false},"featured_media":847,"comment_status":"open","ping_status":"closed","template":"","meta":{"_acf_changed":false,"_eb_attr":""},"product_brand":[],"product_cat":[16],"product_tag":[],"class_list":{"0":"post-842","1":"product","2":"type-product","3":"status-publish","4":"has-post-thumbnail","6":"product_cat-egyeb","8":"first","9":"instock","10":"shipping-taxable","11":"purchasable","12":"product-type-variable"},"acf":[],"jetpack_sharing_enabled":true,"_links":{"self":[{"href":"https:\/\/www.veres3d.hu\/en\/wp-json\/wp\/v2\/product\/842","targetHints":{"allow":["GET"]}}],"collection":[{"href":"https:\/\/www.veres3d.hu\/en\/wp-json\/wp\/v2\/product"}],"about":[{"href":"https:\/\/www.veres3d.hu\/en\/wp-json\/wp\/v2\/types\/product"}],"replies":[{"embeddable":true,"href":"https:\/\/www.veres3d.hu\/en\/wp-json\/wp\/v2\/comments?post=842"}],"wp:featuredmedia":[{"embeddable":true,"href":"https:\/\/www.veres3d.hu\/en\/wp-json\/wp\/v2\/media\/847"}],"wp:attachment":[{"href":"https:\/\/www.veres3d.hu\/en\/wp-json\/wp\/v2\/media?parent=842"}],"wp:term":[{"taxonomy":"product_brand","embeddable":true,"href":"https:\/\/www.veres3d.hu\/en\/wp-json\/wp\/v2\/product_brand?post=842"},{"taxonomy":"product_cat","embeddable":true,"href":"https:\/\/www.veres3d.hu\/en\/wp-json\/wp\/v2\/product_cat?post=842"},{"taxonomy":"product_tag","embeddable":true,"href":"https:\/\/www.veres3d.hu\/en\/wp-json\/wp\/v2\/product_tag?post=842"}],"curies":[{"name":"wp","href":"https:\/\/api.w.org\/{rel}","templated":true}]}}