{"id":777,"date":"2026-02-24T09:37:35","date_gmt":"2026-02-24T08:37:35","guid":{"rendered":"https:\/\/www.veres3d.hu\/?post_type=product&#038;p=777"},"modified":"2026-02-25T09:01:46","modified_gmt":"2026-02-25T08:01:46","slug":"kukirin-g2-2025-darabra-vasarlas","status":"publish","type":"product","link":"https:\/\/www.veres3d.hu\/en\/product\/kukirin-g2-2025-darabra-vasarlas\/","title":{"rendered":"Kukirin G2 2025 - Buy separately"},"content":{"rendered":"<p>You may choose to buy our fenders and accessories  separately<\/p>\n<p>When buying fenders, you will also receive the stiffeners, rings and other necessary accessories. No need to buy them separately.<\/p>","protected":false},"excerpt":{"rendered":"<p>Itt v\u00e1laszthat darabra s\u00e1rv\u00e9d\u0151ink vagy alkatr\u00e9szek k\u00f6z\u00fcl. S\u00e1rv\u00e9d\u0151kh\u00f6z hozz\u00e1tartoznak a merev\u00edt\u0151k \u00e9s a t\u00e1vtart\u00f3 gy\u0171r\u0171k. Ezeket nem sz\u00fcks\u00e9ges k\u00fcl\u00f6n kos\u00e1rba tenni!<\/p>","protected":false},"featured_media":824,"comment_status":"open","ping_status":"closed","template":"","meta":{"_acf_changed":false,"_eb_attr":""},"product_brand":[],"product_cat":[16,65,39],"product_tag":[],"class_list":{"0":"post-777","1":"product","2":"type-product","3":"status-publish","4":"has-post-thumbnail","6":"product_cat-egyeb","7":"product_cat-egyeb-rolleres-kiegeszitok","8":"product_cat-kukirin","10":"first","11":"instock","12":"shipping-taxable","13":"purchasable","14":"product-type-variable"},"acf":[],"jetpack_sharing_enabled":true,"_links":{"self":[{"href":"https:\/\/www.veres3d.hu\/en\/wp-json\/wp\/v2\/product\/777","targetHints":{"allow":["GET"]}}],"collection":[{"href":"https:\/\/www.veres3d.hu\/en\/wp-json\/wp\/v2\/product"}],"about":[{"href":"https:\/\/www.veres3d.hu\/en\/wp-json\/wp\/v2\/types\/product"}],"replies":[{"embeddable":true,"href":"https:\/\/www.veres3d.hu\/en\/wp-json\/wp\/v2\/comments?post=777"}],"wp:featuredmedia":[{"embeddable":true,"href":"https:\/\/www.veres3d.hu\/en\/wp-json\/wp\/v2\/media\/824"}],"wp:attachment":[{"href":"https:\/\/www.veres3d.hu\/en\/wp-json\/wp\/v2\/media?parent=777"}],"wp:term":[{"taxonomy":"product_brand","embeddable":true,"href":"https:\/\/www.veres3d.hu\/en\/wp-json\/wp\/v2\/product_brand?post=777"},{"taxonomy":"product_cat","embeddable":true,"href":"https:\/\/www.veres3d.hu\/en\/wp-json\/wp\/v2\/product_cat?post=777"},{"taxonomy":"product_tag","embeddable":true,"href":"https:\/\/www.veres3d.hu\/en\/wp-json\/wp\/v2\/product_tag?post=777"}],"curies":[{"name":"wp","href":"https:\/\/api.w.org\/{rel}","templated":true}]}}