{"id":674,"date":"2026-02-08T11:31:13","date_gmt":"2026-02-08T10:31:13","guid":{"rendered":"https:\/\/www.veres3d.hu\/?post_type=product&#038;p=674"},"modified":"2026-02-25T16:39:32","modified_gmt":"2026-02-25T15:39:32","slug":"kukirin-g4-kormanyfelirat","status":"publish","type":"product","link":"https:\/\/www.veres3d.hu\/en\/product\/kukirin-g4-kormanyfelirat\/","title":{"rendered":"Kukirin G4 Stem Plate"},"content":{"rendered":"<p>Plate with text for the G4's steering stem. Can be easily screwed on the two sides of the column.\n\nCompatible with 2024 and 2025 versions.<\/p>\n<p>Price is for 1 piece not for 1 pair!<\/p>","protected":false},"excerpt":{"rendered":"<p>Korm\u00e1nyfelirat Kukirin G4-re. K\u00f6nnyen r\u00e1csavarozhat\u00f3 a korm\u00e1nyoszlop k\u00e9t oldal\u00e1ra. Az \u00e1r 1 darabra vonatkozik, nem egy p\u00e1rra!<\/p>","protected":false},"featured_media":675,"comment_status":"open","ping_status":"closed","template":"","meta":{"_acf_changed":false,"_eb_attr":""},"product_brand":[],"product_cat":[16],"product_tag":[],"class_list":{"0":"post-674","1":"product","2":"type-product","3":"status-publish","4":"has-post-thumbnail","6":"product_cat-egyeb","8":"first","9":"instock","10":"shipping-taxable","11":"purchasable","12":"product-type-simple"},"acf":[],"jetpack_sharing_enabled":true,"_links":{"self":[{"href":"https:\/\/www.veres3d.hu\/en\/wp-json\/wp\/v2\/product\/674","targetHints":{"allow":["GET"]}}],"collection":[{"href":"https:\/\/www.veres3d.hu\/en\/wp-json\/wp\/v2\/product"}],"about":[{"href":"https:\/\/www.veres3d.hu\/en\/wp-json\/wp\/v2\/types\/product"}],"replies":[{"embeddable":true,"href":"https:\/\/www.veres3d.hu\/en\/wp-json\/wp\/v2\/comments?post=674"}],"wp:featuredmedia":[{"embeddable":true,"href":"https:\/\/www.veres3d.hu\/en\/wp-json\/wp\/v2\/media\/675"}],"wp:attachment":[{"href":"https:\/\/www.veres3d.hu\/en\/wp-json\/wp\/v2\/media?parent=674"}],"wp:term":[{"taxonomy":"product_brand","embeddable":true,"href":"https:\/\/www.veres3d.hu\/en\/wp-json\/wp\/v2\/product_brand?post=674"},{"taxonomy":"product_cat","embeddable":true,"href":"https:\/\/www.veres3d.hu\/en\/wp-json\/wp\/v2\/product_cat?post=674"},{"taxonomy":"product_tag","embeddable":true,"href":"https:\/\/www.veres3d.hu\/en\/wp-json\/wp\/v2\/product_tag?post=674"}],"curies":[{"name":"wp","href":"https:\/\/api.w.org\/{rel}","templated":true}]}}