{"id":612,"date":"2026-02-07T15:25:07","date_gmt":"2026-02-07T14:25:07","guid":{"rendered":"https:\/\/www.veres3d.hu\/?post_type=product&#038;p=612"},"modified":"2026-02-27T17:49:02","modified_gmt":"2026-02-27T16:49:02","slug":"roller-elemtarto-doboz","status":"publish","type":"product","link":"https:\/\/www.veres3d.hu\/en\/product\/roller-elemtarto-doboz\/","title":{"rendered":"Scooter Powerpack Box"},"content":{"rendered":"<p>Plastic box, can be used to keep the battery pack dry, for example, a LED strip. After fastening the screws, you get a completely sealed box, which protects it's contents from rain and water.<\/p>\n<p>Indicated dimensions are for true, useful volume, and not the box itself.<\/p>","protected":false},"excerpt":{"rendered":"<p>M\u0171anyag doboz, p\u00e9ld\u00e1ul led-szalag akkumul\u00e1torcsomag sz\u00e1razon tart\u00e1s\u00e1ra. Becsavaroz\u00e1s ut\u00e1n teljesen z\u00e1rt dobozt kapunk, amely megv\u00e9di a tartalm\u00e1t az es\u0151t\u0151l, v\u00edzt\u0151l. A jel\u00f6lt m\u00e9retek a t\u00e9nyleges haszn\u00e1lhat\u00f3 t\u00e9rfogatot jel\u00f6lik!<\/p>","protected":false},"featured_media":703,"comment_status":"open","ping_status":"closed","template":"","meta":{"_acf_changed":false,"_eb_attr":""},"product_brand":[],"product_cat":[65],"product_tag":[],"class_list":{"0":"post-612","1":"product","2":"type-product","3":"status-publish","4":"has-post-thumbnail","6":"product_cat-egyeb-rolleres-kiegeszitok","8":"first","9":"instock","10":"shipping-taxable","11":"purchasable","12":"product-type-variable"},"acf":[],"jetpack_sharing_enabled":true,"_links":{"self":[{"href":"https:\/\/www.veres3d.hu\/en\/wp-json\/wp\/v2\/product\/612","targetHints":{"allow":["GET"]}}],"collection":[{"href":"https:\/\/www.veres3d.hu\/en\/wp-json\/wp\/v2\/product"}],"about":[{"href":"https:\/\/www.veres3d.hu\/en\/wp-json\/wp\/v2\/types\/product"}],"replies":[{"embeddable":true,"href":"https:\/\/www.veres3d.hu\/en\/wp-json\/wp\/v2\/comments?post=612"}],"wp:featuredmedia":[{"embeddable":true,"href":"https:\/\/www.veres3d.hu\/en\/wp-json\/wp\/v2\/media\/703"}],"wp:attachment":[{"href":"https:\/\/www.veres3d.hu\/en\/wp-json\/wp\/v2\/media?parent=612"}],"wp:term":[{"taxonomy":"product_brand","embeddable":true,"href":"https:\/\/www.veres3d.hu\/en\/wp-json\/wp\/v2\/product_brand?post=612"},{"taxonomy":"product_cat","embeddable":true,"href":"https:\/\/www.veres3d.hu\/en\/wp-json\/wp\/v2\/product_cat?post=612"},{"taxonomy":"product_tag","embeddable":true,"href":"https:\/\/www.veres3d.hu\/en\/wp-json\/wp\/v2\/product_tag?post=612"}],"curies":[{"name":"wp","href":"https:\/\/api.w.org\/{rel}","templated":true}]}}