{"id":391,"date":"2026-01-18T18:10:23","date_gmt":"2026-01-18T17:10:23","guid":{"rendered":"https:\/\/www.veres3d.hu\/?post_type=product&#038;p=391"},"modified":"2026-02-28T20:38:49","modified_gmt":"2026-02-28T19:38:49","slug":"kukirin-g2-ultra","status":"publish","type":"product","link":"https:\/\/www.veres3d.hu\/en\/product\/kukirin-g2-ultra\/","title":{"rendered":"Kukirin G2 Ultra"},"content":{"rendered":"<h2 data-path-to-node=\"2\">G2 ULTRA Fender Set<\/h2>\n<p data-path-to-node=\"3\">Can be bought in pointy and Angular shapes, so it fits your style the best.<\/p>\n<h3 data-path-to-node=\"4\">Rear fenders (Long version with stiffeners)<\/h3>\n<ul>\n<li><strong>Own Design:<\/strong> Hungarian Design and manufacturing<\/li>\n<li>\n<p data-path-to-node=\"5,1,0\"><b data-path-to-node=\"5,1,0\" data-index-in-node=\"0\">Durable fastening:<\/b> Equipped with side stiffeners for maximum stability.<\/p>\n<\/li>\n<li>\n<p data-path-to-node=\"5,2,0\"><b data-path-to-node=\"5,2,0\" data-index-in-node=\"0\">Unique Look:<\/b> The stiffeners can be bought in a singular simple colourway, or with custom text. In case you wish for custom colour and text, further consultation is required.<\/p>\n<\/li>\n<li>\n<p data-path-to-node=\"5,3,0\"><b data-path-to-node=\"5,3,0\" data-index-in-node=\"0\">Flexible console:<\/b> The rear console dampens vibrations and the impacts from the road.<\/p>\n<\/li>\n<\/ul>\n<h3 data-path-to-node=\"6\">Front fender:<\/h3>\n<ul data-path-to-node=\"7\">\n<li>\n<p data-path-to-node=\"7,0,0\"><b data-path-to-node=\"7,0,0\" data-index-in-node=\"0\">Stable:<\/b> It fits perfectly into the front of the scooter, and is mounted with screws.<\/p>\n<\/li>\n<li>\n<p data-path-to-node=\"7,1,0\"><b data-path-to-node=\"7,1,0\" data-index-in-node=\"0\">Safety first:<\/b> It doesn't wobble, doesn't come loose - guaranteed accident-free experience. (Provided the guidelines of the manufacturer is followed. Stunts, extreme offroad, does not<strong> cover<\/strong> warranty!)<\/p>\n<\/li>\n<li>\n<p data-path-to-node=\"7,2,0\"><b data-path-to-node=\"7,2,0\" data-index-in-node=\"0\">Selectable shapes:<\/b> Can be bought with pointy or angular shapes.<\/p>\n<\/li>\n<\/ul>\n<hr data-path-to-node=\"8\" \/>\n<p data-path-to-node=\"9\"><b data-path-to-node=\"9\" data-index-in-node=\"0\">Price of 1 set: 21000HUF \/ ~56 EUR<\/b> <i data-path-to-node=\"9\" data-index-in-node=\"23\">(Contains the fenders, and the required screws and other parts)<\/i><\/p>\n<p data-path-to-node=\"10\"><b data-path-to-node=\"10\" data-index-in-node=\"0\">Mounting:<\/b> Installation is easy, it doesn't require any expertise, but just in case, we are providing an installation guide. <b data-path-to-node=\"10\" data-index-in-node=\"109\">(Available soon)<\/b> .<\/p>","protected":false},"excerpt":{"rendered":"<p>G2 ULTRA S\u00e1rv\u00e9d\u0151 Szett El\u00e9rhet\u0151 hegyes vagy sz\u00f6gletes v\u00e9g\u0171 kivitelben, hogy t\u00f6k\u00e9letesen passzoljon a rollered st\u00edlus\u00e1hoz. H\u00e1ts\u00f3 s\u00e1rv\u00e9d\u0151 (Hossz\u00fa, oldalmerev\u00edt\u0151s) Saj\u00e1t fejleszt\u00e9s: Magyar fejleszt\u00e9s \u00e9s gy\u00e1rt\u00e1s. Strapab\u00edr\u00f3 r\u00f6gz\u00edt\u00e9s: Oldalmerev\u00edt\u0151kkel szerelve a maxim\u00e1lis stabilit\u00e1s\u00e9rt. Egyedi megjelen\u00e9s: A merev\u00edt\u0151k k\u00e9rhet\u0151k sima fel\u00fclettel vagy egyedi felirattal. Egyedi sz\u00edn, elk\u00e9pzel\u00e9s eset\u00e9n, egyeztet\u00e9s sz\u00fcks\u00e9ges. Rugalmas konzol: A h\u00e1ts\u00f3 konzol elnyeli [&hellip;]<\/p>","protected":false},"featured_media":620,"comment_status":"open","ping_status":"closed","template":"","meta":{"_acf_changed":false,"_eb_attr":""},"product_brand":[],"product_cat":[44,39,35,66],"product_tag":[],"class_list":{"0":"post-391","1":"product","2":"type-product","3":"status-publish","4":"has-post-thumbnail","6":"product_cat-g2-ultra","7":"product_cat-kukirin","8":"product_cat-all_products","9":"product_cat-rolleres-termekek","11":"first","12":"instock","13":"shipping-taxable","14":"purchasable","15":"product-type-variable"},"acf":[],"jetpack_sharing_enabled":true,"_links":{"self":[{"href":"https:\/\/www.veres3d.hu\/en\/wp-json\/wp\/v2\/product\/391","targetHints":{"allow":["GET"]}}],"collection":[{"href":"https:\/\/www.veres3d.hu\/en\/wp-json\/wp\/v2\/product"}],"about":[{"href":"https:\/\/www.veres3d.hu\/en\/wp-json\/wp\/v2\/types\/product"}],"replies":[{"embeddable":true,"href":"https:\/\/www.veres3d.hu\/en\/wp-json\/wp\/v2\/comments?post=391"}],"wp:featuredmedia":[{"embeddable":true,"href":"https:\/\/www.veres3d.hu\/en\/wp-json\/wp\/v2\/media\/620"}],"wp:attachment":[{"href":"https:\/\/www.veres3d.hu\/en\/wp-json\/wp\/v2\/media?parent=391"}],"wp:term":[{"taxonomy":"product_brand","embeddable":true,"href":"https:\/\/www.veres3d.hu\/en\/wp-json\/wp\/v2\/product_brand?post=391"},{"taxonomy":"product_cat","embeddable":true,"href":"https:\/\/www.veres3d.hu\/en\/wp-json\/wp\/v2\/product_cat?post=391"},{"taxonomy":"product_tag","embeddable":true,"href":"https:\/\/www.veres3d.hu\/en\/wp-json\/wp\/v2\/product_tag?post=391"}],"curies":[{"name":"wp","href":"https:\/\/api.w.org\/{rel}","templated":true}]}}