{"id":152,"date":"2025-12-31T13:16:37","date_gmt":"2025-12-31T12:16:37","guid":{"rendered":"http:\/\/192.168.1.13:9191\/?post_type=product&#038;p=152"},"modified":"2026-04-16T07:56:13","modified_gmt":"2026-04-16T05:56:13","slug":"kukirin-g2-2025-sarvedo","status":"publish","type":"product","link":"https:\/\/www.veres3d.hu\/en\/product\/kukirin-g2-2025-sarvedo\/","title":{"rendered":"Kukirin G2 2025 \u2013 Fenders"},"content":{"rendered":"<h2 data-path-to-node=\"2\">G2 2025 - Facelift model<\/h2>\n<p data-path-to-node=\"3\">Fenders can be ordered in two styles: <b data-path-to-node=\"3\" data-index-in-node=\"48\">\"Sharp\"<\/b> or <b data-path-to-node=\"3\" data-index-in-node=\"60\">Angular\/Square<\/b>.<\/p>\n<h3 data-path-to-node=\"4\">Rear Fender:<\/h3>\n<p data-path-to-node=\"5\">We recommend the longer <b data-path-to-node=\"5\" data-index-in-node=\"10\">version with stiffeners.<\/b> The stiffeners can be single colour, or we can apply custom text with custom colour. By default, it is black with orange \"Kukirin\" text.<\/p>\n<h3 data-path-to-node=\"6\">Front Fender (3 different versions)<\/h3>\n<ol start=\"1\" data-path-to-node=\"7\">\n<li>\n<p data-path-to-node=\"7,0,0\"><b data-path-to-node=\"7,0,0\" data-index-in-node=\"0\">Short \"3 Finned\"<\/b> version.<\/p>\n<\/li>\n<li>\n<p data-path-to-node=\"7,1,0\"><b data-path-to-node=\"7,1,0\" data-index-in-node=\"0\">Normal length,<\/b> (without stiffeners).<\/p>\n<\/li>\n<li>\n<p data-path-to-node=\"7,2,0\"><b data-path-to-node=\"7,2,0\" data-index-in-node=\"0\">Normal length, with stiffeners<\/b>.<\/p>\n<\/li>\n<\/ol>\n<h3 data-path-to-node=\"8\">Set Offer and installation<\/h3>\n<p data-path-to-node=\"9\">If bought in a set, <b data-path-to-node=\"9\" data-index-in-node=\"32\">with stiffeners<\/b> the price is <b data-path-to-node=\"9\" data-index-in-node=\"77\">22000 HUF ~ 58 EUR<\/b>.<\/p>\n<ul data-path-to-node=\"10\">\n<li>\n<p data-path-to-node=\"10,0,0\"><b data-path-to-node=\"10,0,0\" data-index-in-node=\"0\">Stability:<\/b> This is the most robust solution, recommended for rough road conditions.<\/p>\n<\/li>\n<li>\n<p data-path-to-node=\"10,1,0\"><b data-path-to-node=\"10,1,0\" data-index-in-node=\"0\">Installation:<\/b> They are mounted by 4 screws. It will not wobble, fall off and what is most important: <b data-path-to-node=\"10,1,0\" data-index-in-node=\"88\">It is not dangerous.<\/b><\/p>\n<\/li>\n<li>\n<p data-path-to-node=\"10,2,0\"><b data-path-to-node=\"10,2,0\" data-index-in-node=\"0\">Miscellaneous:<\/b> The set contains the screws and other small parts required for installation.<\/p>\n<\/li>\n<\/ul>\n<hr data-path-to-node=\"11\" \/>\n<p data-path-to-node=\"12\"><b data-path-to-node=\"12\" data-index-in-node=\"0\">When making a choice, the following should be considered:<\/b> What the of terrain will the scooter be used on? Do you use it in rain or wet road conditions? For muddy and off-road, we suggest the longer versions.<\/p>","protected":false},"excerpt":{"rendered":"<p>G2 2025 &#8211; Faceliftes modell A s\u00e1rv\u00e9d\u0151k k\u00e9tf\u00e9le st\u00edlusban k\u00e9rhet\u0151k: hegyes vagy sz\u00f6gletes. H\u00e1ts\u00f3 s\u00e1rv\u00e9d\u0151 H\u00e1tulra a hossz\u00fa, oldalmerev\u00edt\u0151s verzi\u00f3t k\u00edn\u00e1ljuk. A merev\u00edt\u0151k fel\u00fclete lehet sima egysz\u00edn\u0171, vagy egyedi feliratot is tudunk r\u00e1tenni. Alapb\u00f3l a felirat a merev\u00edt\u0151n &#8222;Kukirin&#8221;, fekete alapon, narancs felirattal. Els\u0151 s\u00e1rv\u00e9d\u0151 (3 t\u00edpus) R\u00f6vid, \u201e3 uszonyos\u201d verzi\u00f3. Norm\u00e1l hossz\u00fa (merev\u00edt\u0151k n\u00e9lk\u00fcl). [&hellip;]<\/p>","protected":false},"featured_media":621,"comment_status":"open","ping_status":"closed","template":"","meta":{"_acf_changed":false,"_eb_attr":""},"product_brand":[],"product_cat":[41,39,35,66],"product_tag":[],"class_list":{"0":"post-152","1":"product","2":"type-product","3":"status-publish","4":"has-post-thumbnail","6":"product_cat-g2-2025","7":"product_cat-kukirin","8":"product_cat-all_products","9":"product_cat-rolleres-termekek","11":"first","12":"instock","13":"shipping-taxable","14":"purchasable","15":"product-type-variable"},"acf":[],"jetpack_sharing_enabled":true,"_links":{"self":[{"href":"https:\/\/www.veres3d.hu\/en\/wp-json\/wp\/v2\/product\/152","targetHints":{"allow":["GET"]}}],"collection":[{"href":"https:\/\/www.veres3d.hu\/en\/wp-json\/wp\/v2\/product"}],"about":[{"href":"https:\/\/www.veres3d.hu\/en\/wp-json\/wp\/v2\/types\/product"}],"replies":[{"embeddable":true,"href":"https:\/\/www.veres3d.hu\/en\/wp-json\/wp\/v2\/comments?post=152"}],"wp:featuredmedia":[{"embeddable":true,"href":"https:\/\/www.veres3d.hu\/en\/wp-json\/wp\/v2\/media\/621"}],"wp:attachment":[{"href":"https:\/\/www.veres3d.hu\/en\/wp-json\/wp\/v2\/media?parent=152"}],"wp:term":[{"taxonomy":"product_brand","embeddable":true,"href":"https:\/\/www.veres3d.hu\/en\/wp-json\/wp\/v2\/product_brand?post=152"},{"taxonomy":"product_cat","embeddable":true,"href":"https:\/\/www.veres3d.hu\/en\/wp-json\/wp\/v2\/product_cat?post=152"},{"taxonomy":"product_tag","embeddable":true,"href":"https:\/\/www.veres3d.hu\/en\/wp-json\/wp\/v2\/product_tag?post=152"}],"curies":[{"name":"wp","href":"https:\/\/api.w.org\/{rel}","templated":true}]}}