{"id":326,"date":"2026-01-06T17:36:54","date_gmt":"2026-01-06T16:36:54","guid":{"rendered":"http:\/\/192.168.1.13:9191\/?page_id=326"},"modified":"2026-02-21T07:37:30","modified_gmt":"2026-02-21T06:37:30","slug":"basket","status":"publish","type":"page","link":"https:\/\/www.veres3d.hu\/en\/basket\/","title":{"rendered":"Kos\u00e1r Tartalma"},"content":{"rendered":"<p><\/p>\n\n\n\n<div data-block-name=\"woocommerce\/cart\" data-has-dark-controls=\"true\" class=\"wp-block-woocommerce-cart alignwide is-loading\">\n<div data-block-name=\"woocommerce\/filled-cart-block\" class=\"wp-block-woocommerce-filled-cart-block\">\n<div data-block-name=\"woocommerce\/cart-items-block\" class=\"wp-block-woocommerce-cart-items-block\">\n<div data-block-name=\"woocommerce\/cart-line-items-block\" class=\"wp-block-woocommerce-cart-line-items-block\"><\/div>\n\n\n<\/div>\n\n\n\n<div data-block-name=\"woocommerce\/cart-totals-block\" class=\"wp-block-woocommerce-cart-totals-block\">\n<div data-block-name=\"woocommerce\/cart-order-summary-block\" class=\"wp-block-woocommerce-cart-order-summary-block\">\n<div data-block-name=\"woocommerce\/cart-order-summary-heading-block\" data-content=\"Kos\u00e1r \u00f6sszesen\" class=\"wp-block-woocommerce-cart-order-summary-heading-block\"><\/div>\n\n\n\n<div data-block-name=\"woocommerce\/cart-order-summary-coupon-form-block\" class=\"wp-block-woocommerce-cart-order-summary-coupon-form-block\"><\/div>\n\n\n\n<div data-block-name=\"woocommerce\/cart-order-summary-totals-block\" class=\"wp-block-woocommerce-cart-order-summary-totals-block\">\n<div data-block-name=\"woocommerce\/cart-order-summary-subtotal-block\" class=\"wp-block-woocommerce-cart-order-summary-subtotal-block\"><\/div>\n\n\n\n<div data-block-name=\"woocommerce\/cart-order-summary-fee-block\" class=\"wp-block-woocommerce-cart-order-summary-fee-block\"><\/div>\n\n\n\n<div data-block-name=\"woocommerce\/cart-order-summary-discount-block\" class=\"wp-block-woocommerce-cart-order-summary-discount-block\"><\/div>\n\n\n\n<div data-block-name=\"woocommerce\/cart-order-summary-shipping-block\" class=\"wp-block-woocommerce-cart-order-summary-shipping-block\"><\/div>\n\n\n\n<div data-block-name=\"woocommerce\/cart-order-summary-taxes-block\" class=\"wp-block-woocommerce-cart-order-summary-taxes-block\"><\/div>\n<\/div>\n<\/div>\n\n\n\n<div data-block-name=\"woocommerce\/cart-express-payment-block\" class=\"wp-block-woocommerce-cart-express-payment-block\"><\/div>\n\n\n\n<div data-block-name=\"woocommerce\/proceed-to-checkout-block\" class=\"wp-block-woocommerce-proceed-to-checkout-block\"><\/div>\n<div id=\"ppcp-recaptcha-v2-container\" style=\"margin:20px 0;\"><\/div>\n\n\n<div data-block-name=\"woocommerce\/cart-accepted-payment-methods-block\" class=\"wp-block-woocommerce-cart-accepted-payment-methods-block\"><\/div>\n<\/div>\n<\/div>\n\n\n\n<div data-block-name=\"woocommerce\/empty-cart-block\" class=\"wp-block-woocommerce-empty-cart-block\">\n<h2 class=\"wp-block-heading has-text-align-center with-empty-cart-icon wc-block-cart__empty-cart__title\">Jelenleg \u00fcres a kosarad.<\/h2>\n\n\n\n<p class=\"has-text-align-center\"><a href=\"http:\/\/192.168.1.13:9191\/webshop\/\">N\u00e9zz k\u00f6r\u00fcl az \u00fczletben<\/a><\/p>\n\n\n\n<hr class=\"wp-block-separator has-alpha-channel-opacity is-style-dots\"\/>\n\n\n\n<h2 class=\"wp-block-heading has-text-align-center\">\u00dajdons\u00e1gok<\/h2>\n\n\n<div data-block-name=\"woocommerce\/product-new\" data-columns=\"4\" data-rows=\"1\" class=\"wc-block-grid wp-block-product-new wp-block-woocommerce-product-new wc-block-product-new has-4-columns\"><ul class=\"wc-block-grid__products\"><li class=\"wc-block-grid__product\">\n\t\t\t\t<a href=\"https:\/\/www.veres3d.hu\/en\/product\/plexi-taposo\/\" class=\"wc-block-grid__product-link\">\n\t\t\t\t\t\n\t\t\t\t\t<div class=\"wc-block-grid__product-image\"><img fetchpriority=\"high\" decoding=\"async\" width=\"480\" height=\"640\" src=\"https:\/\/www.veres3d.hu\/wp-content\/uploads\/2026\/02\/25-09-01-21-28-17-2694-480x640.jpg\" class=\"attachment-woocommerce_thumbnail size-woocommerce_thumbnail\" alt=\"Plexi tapos\u00f3\" srcset=\"https:\/\/www.veres3d.hu\/wp-content\/uploads\/2026\/02\/25-09-01-21-28-17-2694-480x640.jpg 480w, https:\/\/www.veres3d.hu\/wp-content\/uploads\/2026\/02\/25-09-01-21-28-17-2694-9x12.jpg 9w, https:\/\/www.veres3d.hu\/wp-content\/uploads\/2026\/02\/25-09-01-21-28-17-2694-640x853.jpg 640w, https:\/\/www.veres3d.hu\/wp-content\/uploads\/2026\/02\/25-09-01-21-28-17-2694-rotated.jpg 750w\" sizes=\"(max-width: 480px) 100vw, 480px\" \/><\/div>\n\t\t\t\t\t<div class=\"wc-block-grid__product-title\">Plexi tapos\u00f3<\/div>\n\t\t\t\t<\/a>\n\t\t\t\t<div class=\"wc-block-grid__product-price price\"><span class=\"woocommerce-Price-amount amount\" aria-hidden=\"true\">30 000&nbsp;<span class=\"woocommerce-Price-currencySymbol\">&#070;&#116;<\/span><\/span> <span aria-hidden=\"true\">&ndash;<\/span> <span class=\"woocommerce-Price-amount amount\" aria-hidden=\"true\">40 000&nbsp;<span class=\"woocommerce-Price-currencySymbol\">&#070;&#116;<\/span><\/span><span class=\"screen-reader-text\" data-no-translation=\"\" data-trp-gettext=\"\">Price range: 30 000&nbsp;&#070;&#116; through 40 000&nbsp;&#070;&#116;<\/span><\/div>\n\t\t\t\t\n\t\t\t\t<div class=\"wp-block-button wc-block-grid__product-add-to-cart\"><a href=\"https:\/\/www.veres3d.hu\/en\/product\/plexi-taposo\/\" aria-label=\"Select options for \u201cPlexi tapos\u00f3\u201d\" data-quantity=\"1\" data-product_id=\"842\" data-product_sku=\"\" data-price=\"30000\" rel=\"nofollow\" class=\"wp-block-button__link wp-element-button add_to_cart_button\" data-no-translation=\"\" data-trp-gettext=\"\" data-no-translation-aria-label=\"\">Select options<\/a><\/div>\n\t\t\t<\/li><li class=\"wc-block-grid__product\">\n\t\t\t\t<a href=\"https:\/\/www.veres3d.hu\/en\/product\/kukirin-g4-2025-darabra-vasarlas\/\" class=\"wc-block-grid__product-link\">\n\t\t\t\t\t\n\t\t\t\t\t<div class=\"wc-block-grid__product-image\"><img decoding=\"async\" width=\"480\" height=\"640\" src=\"https:\/\/www.veres3d.hu\/wp-content\/uploads\/2026\/02\/g4_modular_thumbnail-480x640.png\" class=\"attachment-woocommerce_thumbnail size-woocommerce_thumbnail\" alt=\"Kukirin G4 2025 - Darabra v\u00e1s\u00e1rl\u00e1s\" srcset=\"https:\/\/www.veres3d.hu\/wp-content\/uploads\/2026\/02\/g4_modular_thumbnail-480x640.png 480w, https:\/\/www.veres3d.hu\/wp-content\/uploads\/2026\/02\/g4_modular_thumbnail-9x12.png 9w, https:\/\/www.veres3d.hu\/wp-content\/uploads\/2026\/02\/g4_modular_thumbnail-640x853.png 640w, https:\/\/www.veres3d.hu\/wp-content\/uploads\/2026\/02\/g4_modular_thumbnail.png 750w\" sizes=\"(max-width: 480px) 100vw, 480px\" \/><\/div>\n\t\t\t\t\t<div class=\"wc-block-grid__product-title\">Kukirin G4 2025 - Buy individually<\/div>\n\t\t\t\t<\/a>\n\t\t\t\t<div class=\"wc-block-grid__product-price price\"><span class=\"woocommerce-Price-amount amount\" aria-hidden=\"true\">800&nbsp;<span class=\"woocommerce-Price-currencySymbol\">&#070;&#116;<\/span><\/span> <span aria-hidden=\"true\">&ndash;<\/span> <span class=\"woocommerce-Price-amount amount\" aria-hidden=\"true\">14 000&nbsp;<span class=\"woocommerce-Price-currencySymbol\">&#070;&#116;<\/span><\/span><span class=\"screen-reader-text\" data-no-translation=\"\" data-trp-gettext=\"\">Price range: 800&nbsp;&#070;&#116; through 14 000&nbsp;&#070;&#116;<\/span><\/div>\n\t\t\t\t\n\t\t\t\t<div class=\"wp-block-button wc-block-grid__product-add-to-cart\"><a href=\"https:\/\/www.veres3d.hu\/en\/product\/kukirin-g4-2025-darabra-vasarlas\/\" aria-label=\"Select options for \u201cKukirin G4 2025 - Darabra v\u00e1s\u00e1rl\u00e1s\u201d\" data-quantity=\"1\" data-product_id=\"790\" data-product_sku=\"\" data-price=\"800\" rel=\"nofollow\" class=\"wp-block-button__link wp-element-button add_to_cart_button\" data-no-translation=\"\" data-trp-gettext=\"\" data-no-translation-aria-label=\"\">Select options<\/a><\/div>\n\t\t\t<\/li><li class=\"wc-block-grid__product\">\n\t\t\t\t<a href=\"https:\/\/www.veres3d.hu\/en\/product\/kukirin-g2-2025-darabra-vasarlas\/\" class=\"wc-block-grid__product-link\">\n\t\t\t\t\t\n\t\t\t\t\t<div class=\"wc-block-grid__product-image\"><img decoding=\"async\" width=\"480\" height=\"640\" src=\"https:\/\/www.veres3d.hu\/wp-content\/uploads\/2026\/02\/darabtermek_thumbnail-480x640.png\" class=\"attachment-woocommerce_thumbnail size-woocommerce_thumbnail\" alt=\"Kukirin G2 2025 - Darabra v\u00e1s\u00e1rl\u00e1s\" srcset=\"https:\/\/www.veres3d.hu\/wp-content\/uploads\/2026\/02\/darabtermek_thumbnail-480x640.png 480w, https:\/\/www.veres3d.hu\/wp-content\/uploads\/2026\/02\/darabtermek_thumbnail-9x12.png 9w, https:\/\/www.veres3d.hu\/wp-content\/uploads\/2026\/02\/darabtermek_thumbnail-640x853.png 640w, https:\/\/www.veres3d.hu\/wp-content\/uploads\/2026\/02\/darabtermek_thumbnail.png 750w\" sizes=\"(max-width: 480px) 100vw, 480px\" \/><\/div>\n\t\t\t\t\t<div class=\"wc-block-grid__product-title\">Kukirin G2 2025 - Buy separately<\/div>\n\t\t\t\t<\/a>\n\t\t\t\t<div class=\"wc-block-grid__product-price price\"><span class=\"woocommerce-Price-amount amount\" aria-hidden=\"true\">500&nbsp;<span class=\"woocommerce-Price-currencySymbol\">&#070;&#116;<\/span><\/span> <span aria-hidden=\"true\">&ndash;<\/span> <span class=\"woocommerce-Price-amount amount\" aria-hidden=\"true\">12 000&nbsp;<span class=\"woocommerce-Price-currencySymbol\">&#070;&#116;<\/span><\/span><span class=\"screen-reader-text\" data-no-translation=\"\" data-trp-gettext=\"\">Price range: 500&nbsp;&#070;&#116; through 12 000&nbsp;&#070;&#116;<\/span><\/div>\n\t\t\t\t\n\t\t\t\t<div class=\"wp-block-button wc-block-grid__product-add-to-cart\"><a href=\"https:\/\/www.veres3d.hu\/en\/product\/kukirin-g2-2025-darabra-vasarlas\/\" aria-label=\"Select options for \u201cKukirin G2 2025 - Darabra v\u00e1s\u00e1rl\u00e1s\u201d\" data-quantity=\"1\" data-product_id=\"777\" data-product_sku=\"\" data-price=\"500\" rel=\"nofollow\" class=\"wp-block-button__link wp-element-button add_to_cart_button\" data-no-translation=\"\" data-trp-gettext=\"\" data-no-translation-aria-label=\"\">Select options<\/a><\/div>\n\t\t\t<\/li><li class=\"wc-block-grid__product\">\n\t\t\t\t<a href=\"https:\/\/www.veres3d.hu\/en\/product\/kukirin-g4-kormanyfelirat\/\" class=\"wc-block-grid__product-link\">\n\t\t\t\t\t\n\t\t\t\t\t<div class=\"wc-block-grid__product-image\"><img loading=\"lazy\" decoding=\"async\" width=\"480\" height=\"640\" src=\"https:\/\/www.veres3d.hu\/wp-content\/uploads\/2026\/02\/kormany_thumbnail-480x640.png\" class=\"attachment-woocommerce_thumbnail size-woocommerce_thumbnail\" alt=\"Kukirin G4 Korm\u00e1nyfelirat\" srcset=\"https:\/\/www.veres3d.hu\/wp-content\/uploads\/2026\/02\/kormany_thumbnail-480x640.png 480w, https:\/\/www.veres3d.hu\/wp-content\/uploads\/2026\/02\/kormany_thumbnail-9x12.png 9w, https:\/\/www.veres3d.hu\/wp-content\/uploads\/2026\/02\/kormany_thumbnail-640x853.png 640w, https:\/\/www.veres3d.hu\/wp-content\/uploads\/2026\/02\/kormany_thumbnail.png 750w\" sizes=\"(max-width: 480px) 100vw, 480px\" \/><\/div>\n\t\t\t\t\t<div class=\"wc-block-grid__product-title\">Kukirin G4 Stem Plate<\/div>\n\t\t\t\t<\/a>\n\t\t\t\t<div class=\"wc-block-grid__product-price price\"><span class=\"woocommerce-Price-amount amount\">3 500&nbsp;<span class=\"woocommerce-Price-currencySymbol\">&#070;&#116;<\/span><\/span><\/div>\n\t\t\t\t\n\t\t\t\t<div class=\"wp-block-button wc-block-grid__product-add-to-cart\"><a href=\"\/en\/wp-json\/wp\/v2\/pages\/326?add-to-cart=674\" aria-label=\"Add to basket: \u201cKukirin G4 Korm\u00e1nyfelirat\u201d\" data-quantity=\"1\" data-product_id=\"674\" data-product_sku=\"\" data-price=\"3500\" rel=\"nofollow\" class=\"wp-block-button__link wp-element-button add_to_cart_button ajax_add_to_cart\" data-no-translation=\"\" data-trp-gettext=\"\" data-no-translation-aria-label=\"\">Add to basket<\/a><\/div>\n\t\t\t<\/li><\/ul><\/div><\/div>\n<\/div>","protected":false},"excerpt":{"rendered":"","protected":false},"author":1,"featured_media":0,"parent":0,"menu_order":0,"comment_status":"closed","ping_status":"closed","template":"cart","meta":{"_acf_changed":false,"_eb_attr":"","footnotes":""},"class_list":["post-326","page","type-page","status-publish","hentry"],"acf":[],"jetpack_sharing_enabled":true,"_links":{"self":[{"href":"https:\/\/www.veres3d.hu\/en\/wp-json\/wp\/v2\/pages\/326","targetHints":{"allow":["GET"]}}],"collection":[{"href":"https:\/\/www.veres3d.hu\/en\/wp-json\/wp\/v2\/pages"}],"about":[{"href":"https:\/\/www.veres3d.hu\/en\/wp-json\/wp\/v2\/types\/page"}],"author":[{"embeddable":true,"href":"https:\/\/www.veres3d.hu\/en\/wp-json\/wp\/v2\/users\/1"}],"replies":[{"embeddable":true,"href":"https:\/\/www.veres3d.hu\/en\/wp-json\/wp\/v2\/comments?post=326"}],"version-history":[{"count":3,"href":"https:\/\/www.veres3d.hu\/en\/wp-json\/wp\/v2\/pages\/326\/revisions"}],"predecessor-version":[{"id":331,"href":"https:\/\/www.veres3d.hu\/en\/wp-json\/wp\/v2\/pages\/326\/revisions\/331"}],"wp:attachment":[{"href":"https:\/\/www.veres3d.hu\/en\/wp-json\/wp\/v2\/media?parent=326"}],"curies":[{"name":"wp","href":"https:\/\/api.w.org\/{rel}","templated":true}]}}