{"id":230,"date":"2026-01-02T13:06:31","date_gmt":"2026-01-02T12:06:31","guid":{"rendered":"http:\/\/192.168.1.13:9191\/?page_id=230"},"modified":"2026-02-21T07:50:30","modified_gmt":"2026-02-21T06:50:30","slug":"impresszum","status":"publish","type":"page","link":"https:\/\/www.veres3d.hu\/en\/impresszum\/","title":{"rendered":"Impressum"},"content":{"rendered":"<p data-path-to-node=\"8\"><b data-path-to-node=\"8\" data-index-in-node=\"0\">Service provider details:<\/b><\/p>\n<ul data-path-to-node=\"9\">\n<li>\n<p data-path-to-node=\"9,0,0\"><b data-path-to-node=\"9,0,0\" data-index-in-node=\"0\">Name:<\/b> Veres Bal\u00e1zs L\u00e1szl\u00f3 E.V.<\/p>\n<\/li>\n<li>\n<p data-path-to-node=\"9,1,0\"><b data-path-to-node=\"9,1,0\" data-index-in-node=\"0\">Place of business:<\/b> 3586 Saj\u00f3\u00f6r\u00f6s, Batthy\u00e1nyi utca 26.<\/p>\n<\/li>\n<li>\n<p data-path-to-node=\"9,2,0\"><b data-path-to-node=\"9,2,0\" data-index-in-node=\"0\">Tax number:<\/b> 91468112-1-25<\/p>\n<\/li>\n<li>\n<p data-path-to-node=\"9,3,0\"><b data-path-to-node=\"9,3,0\" data-index-in-node=\"0\">Registration number:<\/b> 61207756<\/p>\n<\/li>\n<li>\n<p data-path-to-node=\"9,4,0\"><b data-path-to-node=\"9,4,0\" data-index-in-node=\"0\">Contact:<\/b> info@veres3d.hu<\/p>\n<\/li>\n<\/ul>\n<p data-path-to-node=\"10\"><b data-path-to-node=\"10\" data-index-in-node=\"0\">Hosting provider details:<\/b><\/p>\n<ul data-path-to-node=\"11\">\n<li>\n<p data-path-to-node=\"11,0,0\"><b data-path-to-node=\"11,0,0\" data-index-in-node=\"0\">Name:<\/b> Veres Bal\u00e1zs L\u00e1szl\u00f3 E.V.<\/p>\n<\/li>\n<li>\n<p data-path-to-node=\"11,1,0\"><b data-path-to-node=\"11,1,0\" data-index-in-node=\"0\">Place of business:<\/b> 3586 Saj\u00f3\u00f6r\u00f6s, Batthy\u00e1nyi utca 26.<\/p>\n<\/li>\n<li>\n<p data-path-to-node=\"11,2,0\"><b data-path-to-node=\"11,2,0\" data-index-in-node=\"0\">Contact:<\/b> info@veres3d.hu<\/p>\n<\/li>\n<\/ul>\n<h2>\u00a0<\/h2>\n<h2 style=\"text-align: center;\">ToS<\/h2>\n<p>Tos in Hungarian can be downloaded from below:\u00a0<\/p>\n\n\n<div class=\"wp-block-file\"><a href=\"https:\/\/www.veres3d.hu\/wp-content\/uploads\/2026\/01\/ALTALANOS-SZERZODESI-FELTETELEK-2-1.pdf\" class=\"wp-block-file__button wp-element-button\" download>Download<\/a><\/div>\n\n\n<h2 style=\"text-align: center;\">Privacy Policy<\/h2>\n\n\n<p>Can be downloaded in Hungarian here:<br><\/p>\n\n\n\n<div class=\"wp-block-file\"><a href=\"https:\/\/www.veres3d.hu\/wp-content\/uploads\/2026\/01\/Adatvedelmi-Tajekoztato.pdf\" class=\"wp-block-file__button wp-element-button\" download>Download<\/a><\/div>\n\n\n\n<p><\/p>","protected":false},"excerpt":{"rendered":"<p>Szolg\u00e1ltat\u00f3 adatai: N\u00e9v: Veres Bal\u00e1zs L\u00e1szl\u00f3 E.V. Sz\u00e9khely: 3586 Saj\u00f3\u00f6r\u00f6s, Batthy\u00e1nyi utca 26. Ad\u00f3sz\u00e1m: 91468112-1-25 Nyilv\u00e1ntart\u00e1si sz\u00e1m: 61207756 Kapcsolattart\u00e1s: info@veres3d.hu T\u00e1rhelyszolg\u00e1ltat\u00f3 adatai: N\u00e9v: Veres Bal\u00e1zs L\u00e1szl\u00f3 E.V. Sz\u00e9khely: 3586 Saj\u00f3\u00f6r\u00f6s, Batthy\u00e1nyi utca 26. El\u00e9rhet\u0151s\u00e9g: info@veres3d.hu \u00a0 \u00c1SZF Az \u00c1SZF az al\u00e1bbi linken let\u00f6lthet\u0151:\u00a0 Adatv\u00e9delmi t\u00e1j\u00e9koztat\u00f3 Az al\u00e1bbi linken let\u00f6lthet\u0151:<\/p>","protected":false},"author":1,"featured_media":0,"parent":0,"menu_order":0,"comment_status":"closed","ping_status":"closed","template":"","meta":{"_acf_changed":false,"_eb_attr":"","footnotes":""},"class_list":["post-230","page","type-page","status-publish","hentry"],"acf":[],"jetpack_sharing_enabled":true,"_links":{"self":[{"href":"https:\/\/www.veres3d.hu\/en\/wp-json\/wp\/v2\/pages\/230","targetHints":{"allow":["GET"]}}],"collection":[{"href":"https:\/\/www.veres3d.hu\/en\/wp-json\/wp\/v2\/pages"}],"about":[{"href":"https:\/\/www.veres3d.hu\/en\/wp-json\/wp\/v2\/types\/page"}],"author":[{"embeddable":true,"href":"https:\/\/www.veres3d.hu\/en\/wp-json\/wp\/v2\/users\/1"}],"replies":[{"embeddable":true,"href":"https:\/\/www.veres3d.hu\/en\/wp-json\/wp\/v2\/comments?post=230"}],"version-history":[{"count":10,"href":"https:\/\/www.veres3d.hu\/en\/wp-json\/wp\/v2\/pages\/230\/revisions"}],"predecessor-version":[{"id":760,"href":"https:\/\/www.veres3d.hu\/en\/wp-json\/wp\/v2\/pages\/230\/revisions\/760"}],"wp:attachment":[{"href":"https:\/\/www.veres3d.hu\/en\/wp-json\/wp\/v2\/media?parent=230"}],"curies":[{"name":"wp","href":"https:\/\/api.w.org\/{rel}","templated":true}]}}